{"id":1892,"date":"2020-01-14T17:12:23","date_gmt":"2020-01-14T17:12:23","guid":{"rendered":"https:\/\/bracfilmfestival.hr\/?page_id=1892"},"modified":"2020-07-06T17:38:40","modified_gmt":"2020-07-06T17:38:40","slug":"accommodation-and-transport","status":"publish","type":"page","link":"https:\/\/bracfilmfestival.hr\/en\/accommodation-and-transport\/","title":{"rendered":"Travel and stay"},"content":{"rendered":"<div id=\"pl-1892\"  class=\"panel-layout\" ><div id=\"pg-1892-0\"  class=\"panel-grid panel-has-style\" ><div class=\"row-style-two panel-row-style panel-row-style-for-1892-0\" ><div id=\"pgc-1892-0-0\"  class=\"panel-grid-cell\" ><div id=\"panel-1892-0-0-0\" class=\"so-panel widget widget_siteorigin-panels-builder panel-first-child panel-last-child\" data-index=\"0\" ><div id=\"pl-w5e1e0057425c9\"  class=\"panel-layout\" ><div id=\"pg-w5e1e0057425c9-0\"  class=\"panel-grid panel-has-style\" ><div class=\"container panel-row-style panel-row-style-for-w5e1e0057425c9-0\" ><div id=\"pgc-w5e1e0057425c9-0-0\"  class=\"panel-grid-cell\" ><div id=\"panel-w5e1e0057425c9-0-0-0\" class=\"so-panel widget widget_text panel-first-child\" data-index=\"0\" >\t\t\t<div class=\"textwidget\"><h1>Travel and stay<\/h1><\/div>\n\t\t<\/div><div id=\"panel-w5e1e0057425c9-0-0-1\" class=\"so-panel widget widget_text\" data-index=\"1\" >\t\t\t<div class=\"textwidget\"><div class=\"row row-img-container imageGallerySmjestaj\">\n  <div class=\"col s6 row-img\"><a href=\"\/wp-content\/uploads\/2017\/02\/waterman-resport-from-above.jpg\"><img src=\"\/wp-content\/uploads\/2017\/02\/waterman-resport-from-above.jpg\" alt=\"Accomodation at Waterman Resort from above\"><\/a><\/div>\n  <div class=\"col s6 row-img\"><a href=\"\/wp-content\/uploads\/2017\/02\/waterman_resort_pool.jpg\"><img src=\"\/wp-content\/uploads\/2017\/02\/waterman_resort_pool.jpg\" alt=\"Accomodation at Waterman Resort - pool\"><\/a><\/div>\n<\/div><br><br><\/div>\n\t\t<\/div><div id=\"panel-w5e1e0057425c9-0-0-2\" class=\"so-panel widget widget_siteorigin-panels-builder panel-last-child\" data-index=\"2\" ><div id=\"pl-w5e1e0057425e1\"  class=\"panel-layout\" ><div id=\"pg-w5e1e0057425e1-0\"  class=\"panel-grid panel-no-style\" ><div id=\"pgc-w5e1e0057425e1-0-0\"  class=\"panel-grid-cell\" ><div id=\"panel-w5e1e0057425e1-0-0-0\" class=\"so-panel widget widget_text panel-first-child\" data-index=\"0\" >\t\t\t<div class=\"textwidget\"><div class=\"text-highlight\">If you need accommodation during Bra\u010d Film Festival, we recommend the official Festival hotel,<br><a href=\"http:\/\/www.svpetrvs.com\/\" target=\"_blank\" class=\"text-link\" rel=\"noopener\">Waterman Resort<\/a><\/div><\/div>\n\t\t<\/div><div id=\"panel-w5e1e0057425e1-0-0-1\" class=\"so-panel widget widget_text panel-last-child\" data-index=\"1\" >\t\t\t<div class=\"textwidget\"><br><br><a href=\"http:\/\/www.svpetrvs.com\/\" target=\"_blank\" rel=\"noopener\"><img src=\"\/wp-content\/uploads\/2017\/02\/waterman_resort_logo.png\" alt=\"Waterman Resport logo\"><\/a><br><br><\/div>\n\t\t<\/div><\/div><div id=\"pgc-w5e1e0057425e1-0-1\"  class=\"panel-grid-cell\" ><div id=\"panel-w5e1e0057425e1-0-1-0\" class=\"so-panel widget widget_text panel-first-child panel-last-child\" data-index=\"2\" >\t\t\t<div class=\"textwidget\"><p>Surrounded by the beautiful Adriatic sea, far away from any noise, Waterman Svpetrvs Resorts is a unique place offering you the ultimate experience.<br \/>\n<br \/>\nLocated in the charismatic place of Supetar, Waterman Svpetrvs hotels will have you coming back over and over again - whether because of the breathtaking views, untouched nature or sensational food.<br \/>\n<br \/>\nThe Resort offers numerous activities, from wellness, spa centre, kids club, bars etc.<br \/>\n<br \/>\nFor more information feel free to contact Waterman resort over <a href=\"mailto:sales.dep@watermanresorts.com\" class=\"text-link\">sales.dep@watermanresorts.com<\/a>.<br \/><\/p>\n<\/div>\n\t\t<\/div><\/div><\/div><\/div><\/div><\/div><\/div><\/div><\/div><\/div><\/div><\/div><\/div><div id=\"pg-1892-1\"  class=\"panel-grid panel-has-style\" ><div class=\"row-style-one row-box-shadow panel-row-style panel-row-style-for-1892-1\" ><div id=\"pgc-1892-1-0\"  class=\"panel-grid-cell\" ><div id=\"panel-1892-1-0-0\" class=\"so-panel widget widget_siteorigin-panels-builder panel-first-child panel-last-child\" data-index=\"1\" ><div id=\"pl-w5e1e00574283c\"  class=\"panel-layout\" ><div id=\"pg-w5e1e00574283c-0\"  class=\"panel-grid panel-has-style\" ><div class=\"container panel-row-style panel-row-style-for-w5e1e00574283c-0\" ><div id=\"pgc-w5e1e00574283c-0-0\"  class=\"panel-grid-cell\" ><div id=\"panel-w5e1e00574283c-0-0-0\" class=\"so-panel widget widget_text panel-first-child\" data-index=\"0\" >\t\t\t<div class=\"textwidget\"><h2>Travel to Bra\u010d<\/h2><\/div>\n\t\t<\/div><div id=\"panel-w5e1e00574283c-0-0-1\" class=\"so-panel widget widget_siteorigin-panels-builder\" data-index=\"1\" ><div id=\"pl-w58ffc73f78fb9\"  class=\"panel-layout\" ><div id=\"pg-w58ffc73f78fb9-0\"  class=\"panel-grid panel-no-style\" ><div id=\"pgc-w58ffc73f78fb9-0-0\"  class=\"panel-grid-cell\" ><div id=\"panel-w58ffc73f78fb9-0-0-0\" class=\"so-panel widget widget_text panel-first-child panel-last-child\" data-index=\"0\" >\t\t\t<div class=\"textwidget\"><h3>Ferry lines<\/h3>\n<p>If you want to come to Supetar, you\u2019ll have to go through the Split ferry port. You can travel to Split by a plane (search\u00a0<a href=\"http:\/\/www.split-airport.hr\/index.php?lang=en\" target=\"_blank\" class=\"text-link\" rel=\"noopener\">Split Airport<\/a>), by a bus (search <a href=\"http:\/\/www.ak-split.hr\/en\/vozni.red\/VozniRedOdlazaka.aspx\" target=\"_blank\" class=\"text-link\" rel=\"noopener\">Split Bus Terminal<\/a>), or by a <a href=\"http:\/\/www.hzpp.hr\/en\" target=\"_blank\" class=\"text-link\" rel=\"noopener\">train<\/a>.<\/p>\n<p><\/p>\n<h3>Personal car<\/h3>\n<p>If you\u2019re coming with your own car, you can go on the Zagreb \u2013 Split motorway. The ride takes about 3,5 hours and the toll costs 25\u20ac (<a href=\"http:\/\/hac.hr\/en\/toll-rates\/pricelist\/zagreb-split-dubrovnik-337\" target=\"_blank\" class=\"text-link\" rel=\"noopener\">pricelist<\/a>).\u00a0If you don\u2019t want to pay the toll, you can drive through Karlovac, Gra\u010dac and Knin. The ride takes about 5 hours. Once you arrive at the Split ferry port, it is very easy to go to Supetar because ferries drive every hour and a half or two.<\/p>\n<p><\/p>\n<h3>Ferry<\/h3>\n<p>The ride takes about an hour. Tickets cannot be booked; they have to be bought once you park your car in the boarding queue. Tickets for adults cost about 4\u20ac and children have discount. Car tickets cost about 22\u20ac. The Bra\u010d ferry port is situated in Supetar. The ferry and katamaran timetable can be found <a href=\"http:\/\/www.jadrolinija.hr\/en\/ferry-croatia?dpid=1304\" target=\"_blank\" class=\"text-link\" rel=\"noopener\">here<\/a>. There are regular buses in Supetar for all the other places on the island of Bra\u010d. More information on the bus timetable can be found <a href=\"https:\/\/www.autotrans.hr\/en-us\/contact\" target=\"_blank\" class=\"text-link\" rel=\"noopener\">here<\/a>.<br \/><\/p>\n<\/div>\n\t\t<\/div><\/div><div id=\"pgc-w58ffc73f78fb9-0-1\"  class=\"panel-grid-cell\" ><div id=\"panel-w58ffc73f78fb9-0-1-0\" class=\"so-panel widget widget_text panel-first-child panel-last-child\" data-index=\"1\" >\t\t\t<div class=\"textwidget\"><h3>Bus<\/h3>\n<p>When you come to Supetar there are many buses that take you to other places on the island. Information can be found in Bus office located 100m from the ferry port.<br \/>\n<\/p>\n<h3>Taxi<\/h3>\n<p>There will also be many taxy cars in the ferry port which can take you from one place to another.<br \/>\n<\/p>\n<h3>Rent a car<\/h3>\n<p>In Supetar you can rent a car or motorcycle for transportation, and information can be found at the tourist office which is located near the ferry dock.<br \/>\n<\/p>\n<h3>Roads on Bra\u010d<\/h3>\n<p>There are three main roads on the island of Bra\u010d. The first one drives through Nere\u017ei\u0107a, Pra\u017enica and Gornji Humac to Bol. The second one drives through Splitska and Postire to Pu\u010di\u0161\u0107e. The third road is for Mirca, Sutivan, Bobovi\u0161\u0107a and Milna. The ride to Postire (by a car) takes around 10 minutes, to Milna about 20 minutes and to Bol around 35 minutes. <\/p>\n<\/div>\n\t\t<\/div><\/div><\/div><\/div><\/div><div id=\"panel-w5e1e00574283c-0-0-2\" class=\"so-panel widget widget_text panel-last-child\" data-index=\"2\" >\t\t\t<div class=\"textwidget\"><!-- Widget Shortcode --><div id=\"text-5\" class=\"widget widget_text widget-shortcode area-arbitrary \">\t\t\t<div class=\"textwidget\"><div class=\"social-media-icons\">\r\n<a href=\"https:\/\/www.facebook.com\/bracfilmfestival\/\" target=\"_blank\" rel=\"noopener\"><img src=\"\/wp-content\/uploads\/2017\/02\/facebook_120x120.png\" alt=\"Facebook page\"><\/a>\r\n<a href=\"https:\/\/www.instagram.com\/bracfilmfestival\/\" target=\"_blank\" rel=\"noopener\"><img src=\"\/wp-content\/uploads\/2017\/02\/instagram_120x120.png\" alt=\"Instagram page\"><\/a>\r\n<!--<a href=\"#\"><img src=\"\/wp-content\/uploads\/2017\/02\/twitter_120x120.png\" alt=\"\"><\/a>-->\r\n<\/div><\/div>\n\t\t<\/div><!-- \/Widget Shortcode --><\/div>\n\t\t<\/div><\/div><\/div><\/div><\/div><\/div><\/div><\/div><\/div><\/div>","protected":false},"excerpt":{"rendered":"<p>Travel and stay If you need accommodation during Bra\u010d Film Festival, we recommend the official Festival hotel,Waterman Resort Surrounded by the beautiful Adriatic sea, far away from any noise, Waterman Svpetrvs Resorts is a unique place offering you the ultimate experience. Located in the charismatic place of Supetar, Waterman Svpetrvs hotels will have you coming [&hellip;]<\/p>\n","protected":false},"author":1,"featured_media":0,"parent":0,"menu_order":0,"comment_status":"closed","ping_status":"closed","template":"","meta":[],"_links":{"self":[{"href":"https:\/\/bracfilmfestival.hr\/en\/wp-json\/wp\/v2\/pages\/1892"}],"collection":[{"href":"https:\/\/bracfilmfestival.hr\/en\/wp-json\/wp\/v2\/pages"}],"about":[{"href":"https:\/\/bracfilmfestival.hr\/en\/wp-json\/wp\/v2\/types\/page"}],"author":[{"embeddable":true,"href":"https:\/\/bracfilmfestival.hr\/en\/wp-json\/wp\/v2\/users\/1"}],"replies":[{"embeddable":true,"href":"https:\/\/bracfilmfestival.hr\/en\/wp-json\/wp\/v2\/comments?post=1892"}],"version-history":[{"count":0,"href":"https:\/\/bracfilmfestival.hr\/en\/wp-json\/wp\/v2\/pages\/1892\/revisions"}],"wp:attachment":[{"href":"https:\/\/bracfilmfestival.hr\/en\/wp-json\/wp\/v2\/media?parent=1892"}],"curies":[{"name":"wp","href":"https:\/\/api.w.org\/{rel}","templated":true}]}}